{"id":5,"date":"2021-02-04T07:52:44","date_gmt":"2021-02-04T07:52:44","guid":{"rendered":"http:\/\/new.buyback.ro\/?page_id=5"},"modified":"2022-12-07T13:33:46","modified_gmt":"2022-12-07T13:33:46","slug":"acasa","status":"publish","type":"page","link":"https:\/\/www.buyback.ro\/","title":{"rendered":"Home"},"content":{"rendered":"\n<div class=\"wp-block-group alignfull has-background\" style=\"background-color:#0099ff\"><div class=\"wp-block-group__inner-container\">\n<figure class=\"wp-block-video alignwide\"><video autoplay controls poster=\"https:\/\/www.buyback.ro\/wp-content\/uploads\/2021\/04\/buybackimg.jpg\" src=\"https:\/\/www.buyback.ro\/wp-content\/uploads\/2021\/04\/buyback_.mp4\"><\/video><\/figure>\n\n\n\n<p><\/p>\n<\/div><\/div>\n\n\n\n<div style=\"height:29px\" aria-hidden=\"true\" class=\"wp-block-spacer\"><\/div>\n\n\n\n<div class=\"wp-block-columns alignfull\">\n<div class=\"wp-block-column\" style=\"flex-basis:29%\"><\/div>\n\n\n\n<div class=\"wp-block-column\" style=\"flex-basis:20%\">\n<div class=\"wp-block-image\"><figure class=\"aligncenter size-large\"><img loading=\"lazy\" width=\"389\" height=\"373\" src=\"https:\/\/www.buyback.ro\/wp-content\/uploads\/2021\/02\/r1-1.png\" alt=\"Cumparam cea mai mare selectie de telefoane uzate\" class=\"wp-image-33\" srcset=\"https:\/\/www.buyback.ro\/wp-content\/uploads\/2021\/02\/r1-1.png 389w, https:\/\/www.buyback.ro\/wp-content\/uploads\/2021\/02\/r1-1-300x288.png 300w\" sizes=\"(max-width: 389px) 100vw, 389px\" \/><\/figure><\/div>\n\n\n\n<div style=\"height:40px\" aria-hidden=\"true\" class=\"wp-block-spacer\"><\/div>\n\n\n\n<p><\/p>\n<\/div>\n\n\n\n<div class=\"wp-block-column\" style=\"flex-basis:2%\"><\/div>\n\n\n\n<div class=\"wp-block-column\" style=\"flex-basis:30%\">\n<div style=\"height:40px\" aria-hidden=\"true\" class=\"wp-block-spacer\"><\/div>\n\n\n\n<h1 class=\"has-text-align-center\" style=\"font-size:30px; font-family: Simplon\">Cumparam cea mai mare selectie de telefoane uzate<\/h1>\n\n\n\n<p class=\"has-text-color has-larger-font-size\" style=\"font-size:20px; font-family: Simplon\">Acceptam la Buyback telefoane folosite de la 9 branduri, diverse modele din ultimii 3-5 ani. Ne axam pe numele de varf, care isi mentin mai bine valoarea in timp. Incet-incet, planuim sa ne extindem si cu alte telefoane populare.<\/p>\n<\/div>\n\n\n\n<div class=\"wp-block-column\" style=\"flex-basis:29%\"><\/div>\n<\/div>\n\n\n\n<div class=\"wp-block-columns alignfull\">\n<div class=\"wp-block-column\" style=\"flex-basis:29%\"><\/div>\n\n\n\n<div class=\"wp-block-column\" style=\"flex-basis:20%\">\n<div class=\"wp-block-image\"><figure class=\"aligncenter size-large\"><img loading=\"lazy\" width=\"478\" height=\"425\" src=\"https:\/\/www.buyback.ro\/wp-content\/uploads\/2021\/02\/r2-1.png\" alt=\"buyback.ro\" class=\"wp-image-34\" srcset=\"https:\/\/www.buyback.ro\/wp-content\/uploads\/2021\/02\/r2-1.png 478w, https:\/\/www.buyback.ro\/wp-content\/uploads\/2021\/02\/r2-1-300x267.png 300w\" sizes=\"(max-width: 478px) 100vw, 478px\" \/><\/figure><\/div>\n\n\n\n<div style=\"height:40px\" aria-hidden=\"true\" class=\"wp-block-spacer\"><\/div>\n<\/div>\n\n\n\n<div class=\"wp-block-column\" style=\"flex-basis:2%\"><\/div>\n\n\n\n<div class=\"wp-block-column\" style=\"flex-basis:30%\">\n<div style=\"height:40px\" aria-hidden=\"true\" class=\"wp-block-spacer\"><\/div>\n\n\n\n<h1 class=\"has-text-align-center\" style=\"font-size:30px; font-family: Simplon\">Primesti banii rapid<\/h1>\n\n\n\n<p class=\"has-text-color has-larger-font-size\" style=\"font-size:20px; font-family: Simplon\">Cat se poate de repede, in 24 ore de cand produsul a fost receptionat si verificat. Ii facem evaluarea, dupa care iti trimitem diagnosticul si oferta finala. Daca esti de acord, transferam banii direct in contul tau bancar sau pe Revolut.<\/p>\n<\/div>\n\n\n\n<div class=\"wp-block-column\" style=\"flex-basis:29%\"><\/div>\n<\/div>\n\n\n\n<div class=\"wp-block-columns alignfull\">\n<div class=\"wp-block-column\" style=\"flex-basis:29%\"><\/div>\n\n\n\n<div class=\"wp-block-column\" style=\"flex-basis:20%\">\n<figure class=\"wp-block-image size-large\"><img loading=\"lazy\" width=\"409\" height=\"433\" src=\"https:\/\/www.buyback.ro\/wp-content\/uploads\/2021\/02\/r3-1.png\" alt=\"Dai sanse unui obiect sa fie refolosit\" class=\"wp-image-35\" srcset=\"https:\/\/www.buyback.ro\/wp-content\/uploads\/2021\/02\/r3-1.png 409w, https:\/\/www.buyback.ro\/wp-content\/uploads\/2021\/02\/r3-1-283x300.png 283w\" sizes=\"(max-width: 409px) 100vw, 409px\" \/><\/figure>\n\n\n\n<div style=\"height:40px\" aria-hidden=\"true\" class=\"wp-block-spacer\"><\/div>\n<\/div>\n\n\n\n<div class=\"wp-block-column\" style=\"flex-basis:2%\"><\/div>\n\n\n\n<div class=\"wp-block-column\" style=\"flex-basis:30%\">\n<div style=\"height:40px\" aria-hidden=\"true\" class=\"wp-block-spacer\"><\/div>\n\n\n\n<h1 class=\"has-text-align-center\" style=\"font-size:30px; font-family: Simplon\">Dai sanse unui obiect sa fie refolosit<\/h1>\n\n\n\n<p class=\"has-text-color has-larger-font-size\" style=\"font-size:20px; font-family: Simplon\">Prin reteaua noastra de service-uri partenere, reparam tot ce se poate dintre telefoanele primite. Le repunem in vanzare, cu ajutorul partenerilor nostri de retail. Astfel, vechiul tau telefon poate deveni noul telefon al cuiva.<\/p>\n<\/div>\n\n\n\n<div class=\"wp-block-column\" style=\"flex-basis:29%\"><\/div>\n<\/div>\n\n\n\n<div class=\"wp-block-image\"><figure class=\"aligncenter size-large is-resized\"><a href=\"https:\/\/www.service-return.com\/inregistrare-buyback\"><img loading=\"lazy\" src=\"https:\/\/www.buyback.ro\/wp-content\/uploads\/2021\/02\/bb-logo-01_1.png\" alt=\"buyback.ro\" class=\"wp-image-36\" width=\"182\" height=\"119\"\/><\/a><figcaption><a href=\"https:\/\/www.service-return.com\/inregistrare-buyback\"><span style=\"color:#0079ff\" class=\"has-inline-color\">Cere oferta de Buyback<\/span><\/a><\/figcaption><\/figure><\/div>\n\n\n\n<div class=\"wp-block-group alignfull has-background\" style=\"background-color:#e1e2e5\"><div class=\"wp-block-group__inner-container\">\n<h2 class=\"alignfull has-text-align-center\" style=\"font-size:35px; font-family: Simplon; line-height: 32px\">De ce merita sa incerci acest serviciu<\/h2>\n\n\n\n<div class=\"wp-block-columns alignfull\">\n<div class=\"wp-block-column\"><\/div>\n\n\n\n<div class=\"wp-block-column\">\n<p style=\"font-size:20px; font-family: Simplon; line-height: 20px\"><strong>Ai deja un cumparator<\/strong><\/p>\n\n\n\n<p style=\"font-size:19px; font-family: Simplon; line-height: 24px\">Daca ai unul dintre telefoanele pe care le cautam, ti-l cumparam noi direct. Fara sa piezi timpul cu anunturi, conversatii si intalniri, fara sa astepti cumparatorul perfect. Poate tocmai ti-ai luat un telefon nou si vrei sa scapi de cel vechi. Sau poate vrei sa folosesti banii de pe actualul telefon ca sa iti iei unul nou.<\/p>\n<\/div>\n\n\n\n<div class=\"wp-block-column\">\n<p style=\"font-size:20px; font-family: Simplon; line-height: 20px\"><strong>Ai parte de un pret corect<\/strong><\/p>\n\n\n\n<p style=\"font-size:19px; font-family: Simplon; line-height: 24px\">Ofertele de Buyback sunt obiective si tin cont de starea produsului. Evaluarile sunt facute de service-uri profesioniste. Ne raportam la valoarea reala a produsului in piata, la momentul vanzarii. Nu sta prea mult pe ganduri, tehnologia se devalorizeaza rapid.<\/p>\n<\/div>\n\n\n\n<div class=\"wp-block-column\"><\/div>\n<\/div>\n\n\n\n<div class=\"wp-block-columns alignfull\">\n<div class=\"wp-block-column\"><\/div>\n\n\n\n<div class=\"wp-block-column\">\n<div style=\"height:40px\" aria-hidden=\"true\" class=\"wp-block-spacer\"><\/div>\n\n\n\n<p style=\"font-size:20px; font-family: Simplon; line-height: 20px\"><strong>Nu ai nimic de pierdut<\/strong><\/p>\n\n\n\n<p style=\"font-size:19px; font-family: Simplon; line-height: 24px\">Daca nu iti convine pretul, poti sa ceri telefonul inapoi si il primesti asa cum ni l-ai trimis. Mai mult, te alegi cu o estimare profesionista a valorii actuale a telefonului. Prima cerere la care refuzi oferta este gratuita, acoperim noi diagnosticarea si transportul dus-intors.<\/p>\n<\/div>\n\n\n\n<div class=\"wp-block-column\">\n<div style=\"height:40px\" aria-hidden=\"true\" class=\"wp-block-spacer\"><\/div>\n\n\n\n<p style=\"font-size:20px; font-family: Simplon; line-height: 20px\"><strong>Colectam si telefoane vechi<\/strong><\/p>\n\n\n\n<p style=\"font-size:19px; font-family: Simplon; line-height: 24px\">Chiar daca primesti doar o suma simbolica, macar stii ca telefonul este aruncat corespunzator. Telefonul uitat in dulap sau cel care te incurca atunci cand faci decluttering prin casa. Orice brand, orice model, oricat de vechi, trimitem curierul sa il ia, iar partenerii nostri de la Ecotic il preiau de la noi si-l recicleaza. Nu-l arunca la cos, hai sa protejam natura impreuna.<\/p>\n<\/div>\n\n\n\n<div class=\"wp-block-column\"><\/div>\n<\/div>\n<\/div><\/div>\n\n\n\n<div class=\"wp-block-group alignfull has-background-background-color has-background\"><div class=\"wp-block-group__inner-container\">\n<h2 class=\"has-text-align-center\" style=\"font-size:22.5px\">INTREBARI FRECVENTE<\/h2>\n\n\n\n<ul class=\"has-text-color\" style=\"color:#4697f7; font-family: Simplon\"><li>Cum functioneaza serviciul de Buyback?<\/li><\/ul>\n\n\n\n<p style=\"font-size:19px; font-family: Simplon\">BuyBack schimba complet experienta vanzarii unui telefon. Interactionezi exclusiv cu profesionisti care nu au timp de glume (la birou!), nu ofera schimburi nastrusnice (&#8222;adidasi k noi plus diferenta&#8221;), nu te intreaba daca poti sa te vezi cu ei seara la metrou sau pe langa bloc si nici nu ti se adreseaza cu &#8222;Bo$$&#8221;. Sunt experiente de care probabil ai avut parte incercand sa vinzi telefonul pe site-urile cu anunturi si probabil din cauza lor avem prin casa cel putin un telefon sau doua pe care nu le mai folosim. Decat sa zaca abandonate intr-un sertar, mai bine vinde-le pentru a recupera din valoarea lor si a le permite sa bucure un nou proprietar.<\/p>\n\n\n\n<div style=\"height:46px\" aria-hidden=\"true\" class=\"wp-block-spacer\"><\/div>\n\n\n\n<ul class=\"has-text-color\" style=\"color:#4697f7; font-family: Simplon\"><li>Cum se verifica telefonul?<\/li><\/ul>\n\n\n\n<p style=\"font-size:19px; font-family: Simplon\">Pentru a simplifica procedura, te rugam sa dezactivezi conturile si parolele.\n\nDaca ai iPhone, deconecteaza-te din iCloud.\n\nPentru iOS 10.3 sau o versiune mai noua, atinge Configurari &gt; [numele tau]. Deruleaza in jos si atinge optiunea Iesire. Introdu parola ID-ului tau Apple si atinge Dezactivati.\n\nPentru iOS 10.2 sau o versiune mai veche, atinge Configurari &gt; iCloud &gt; Iesire. Atinge din nou Iesire, apoi atinge Stergeti de pe [dispozitivul] meu si introdu parola ID-ului Apple. Apoi mergi la Configurari &gt; iTunes si App Store &gt; ID Apple &gt; Iesire.\n\nDaca ai Huawei, Samsung sau Nokia, deconecteaza-te din contul Google.\n\nAplicatii &gt; Setari &gt; Utilizatori si conturi &gt; Conturi &gt; Google. Cand vei apasa click pe Google, va deschide o pagina de setari. Apasa pe contul pe care vrei sa-l elimini si apasa \u201cElimina\u201d. O poti gasi si sub numele de \u201cDeconectare cont \/ Inlaturare cont\u201d.\n\nDupa pasii de mai sus, sterge tot continutul din telefon si il poti reseta.<\/p>\n\n\n\n<div style=\"height:46px\" aria-hidden=\"true\" class=\"wp-block-spacer\"><\/div>\n\n\n\n<ul class=\"has-text-color\" style=\"color:#4697f7; font-family: Simplon\"><li>Cine stabileste pretul?<\/li><\/ul>\n\n\n\n<p style=\"font-size:19px; font-family: Simplon\">Sistemul nostru este elegant, simplu si rapid. Nu iti consumam timpul cu detalii inutile, functionam cu profesionalism si respect. Odata ce am receptionat telefonul si am agreat pretul in functie de starea acestuia, iti viram imediat suma stabilita de comun acord in contul bancar sau prin Revolut. De aici incolo, este treaba noastra sa ne ocupam de vanzarea efectiva a telefonului, pentru tine problema s-a rezolvat.<\/p>\n\n\n\n<div style=\"height:46px\" aria-hidden=\"true\" class=\"wp-block-spacer\"><\/div>\n\n\n\n<ul class=\"has-text-color\" style=\"color:#4697f7; font-family: Simplon\"><li>Cat pot recupa din valoarea telefonului?<\/li><\/ul>\n\n\n\n<p style=\"font-size:19px; font-family: Simplon\">Inainte sa predai telefonul curierului, asigura-te ca acesta este impachetat corespunzator.\n\nDaca ai cutia originala a telefonului, mai intai inveleste telefonul in folie cu bule, pungi de plastic, hartie de ziar, carton ondulat sau tocat, apoi pune-l in cutie. Sigileaza cutia cu cat mai mult scoci de fata cu curierul, pentru siguranta. Apoi poti inmana cutia curierului.\n\nDaca nu ai cutia originala a telefonului, atunci poti sa improvizezi ceva rezistent. Inveleste telefonul in pungi de plastic, hartie de ziar.\n\nTe rugam sa fii la locul mentionat de tine pentru a putea preda telefonul curierului.<\/p>\n\n\n\n<div style=\"height:46px\" aria-hidden=\"true\" class=\"wp-block-spacer\"><\/div>\n\n\n\n<ul class=\"has-text-color\" style=\"color:#4697f7; font-family: Simplon\"><li>Cat dureaza pana primesc banii?<\/li><\/ul>\n\n\n\n<p style=\"font-size:19px; font-family: Simplon\">Din estim\u0103rile noastre, poate dura \u00eentre una \u0219i 7 zile, de c\u00e2nd recep\u021bion\u0103m telefonul. \u00cencerc\u0103m s\u0103 ne mi\u0219c\u0103m c\u00e2t de repede posibil, la fiecare pas. Solicit\u0103m pickup la curier \u00een aceea\u0219i zi, pentru cererile de Buyback primite p\u00e2n\u0103 \u00een ora 12.00. A\u0219a cum probabil \u0219tii, sunt \u0219i perioade mai aglomerate din an, care nu sunt sub controlul nostru. Facem diagnosticul telefonului \u00een aprox. 24 de ore de la recep\u021bie. Iar pl\u0103\u021bile se fac \u00een fiecare vineri a s\u0103pt\u0103m\u00e2nii, pentru cererile aprobate p\u00e2n\u0103 joi.<\/p>\n\n\n\n<div style=\"height:46px\" aria-hidden=\"true\" class=\"wp-block-spacer\"><\/div>\n\n\n\n<ul class=\"has-text-color\" style=\"color:#4697f7; font-family: Simplon\"><li>Am ceva de platit?<\/li><\/ul>\n\n\n\n<p style=\"font-size:19px; font-family: Simplon\">Nu ai nimic de platit, daca cererea se finalizeaza cu vanzarea telefonului catre noi. Transportul si diagnosticul sunt incluse in oferta. Daca te razgandesti si nu accepti oferta, prima cerere finalizata cu refuzul ofertei este gratuita. De la a doua cerere refuzata, platesti 24.90 lei pentru transport si diagnostic.<\/p>\n\n\n\n<div style=\"height:46px\" aria-hidden=\"true\" class=\"wp-block-spacer\"><\/div>\n\n\n\n<ul class=\"has-text-color\" style=\"color:#4697f7; font-family: Simplon\"><li>Ce se intampla cu telefonul dupa vanzare?<\/li><\/ul>\n\n\n\n<p style=\"font-size:19px; font-family: Simplon\">Avem o selectie generoasa de branduri pe care le achizitionam in acest moment. Ne axam pe telefoanele semnate de brandurile mondiale de varf din telefonie, ale caror produse isi mentin valoarea de piata in timp. Gandeste-te, de exemplu, la brandurile de masini. Si acolo exista clar o categorie ampla de marci pe care iti va fi mai usor sa le valorifici cand decizi sa schimbi masina. Exact asa sta treaba si la telefoane. Unele se devalorizeaza mai repede si mai usor, chiar daca au specificatii interesante. Pur si simplu nu fac parte din categoria brandurilor de renume mondial si isi pierd valoarea de piata dupa utilizare. Pe viitor, ia in calcul acest aspect cand achizitionezi un telefon si tine cont ca un brand de varf te ajuta sa recuperezi parte din achizitie cand doresti sa treci la urmatorul model.<\/p>\n<\/div><\/div>\n\n\n\n<div class=\"wp-block-image\"><figure class=\"aligncenter size-large is-resized\"><a href=\"https:\/\/www.service-return.com\/inregistrare-buyback\"><img loading=\"lazy\" src=\"https:\/\/www.buyback.ro\/wp-content\/uploads\/2021\/02\/bb-logo-01_1.png\" alt=\"buyback.ro\" class=\"wp-image-36\" width=\"182\" height=\"119\"\/><\/a><figcaption><a href=\"https:\/\/www.service-return.com\/inregistrare-buyback\"><span style=\"color:#0079ff\" class=\"has-inline-color\">Cere oferta de Buyback<\/span><\/a><\/figcaption><\/figure><\/div>\n\n\n\n<div class=\"wp-block-group alignfull\"><div class=\"wp-block-group__inner-container\">\n<hr class=\"wp-block-separator\"\/>\n\n\n\n<div class=\"wp-block-columns alignfull\">\n<div class=\"wp-block-column\"><\/div>\n\n\n\n<div class=\"wp-block-column\"><div class=\"wpforms-container wpforms-container-full\" id=\"wpforms-89\"><form id=\"wpforms-form-89\" class=\"wpforms-validate wpforms-form\" data-formid=\"89\" method=\"post\" enctype=\"multipart\/form-data\" action=\"\/index.php\/wp-json\/wp\/v2\/pages\/5\" data-token=\"398d9fce5344e12fb31bf002cf06c8c5\"><noscript class=\"wpforms-error-noscript\">Please enable JavaScript in your browser to complete this form.<\/noscript><div class=\"wpforms-field-container\"><div id=\"wpforms-89-field_1-container\" class=\"wpforms-field wpforms-field-email\" data-field-id=\"1\"><label class=\"wpforms-field-label wpforms-label-hide\" for=\"wpforms-89-field_1\">Email <span class=\"wpforms-required-label\">*<\/span><\/label><input type=\"email\" id=\"wpforms-89-field_1\" class=\"wpforms-field-medium wpforms-field-required\" name=\"wpforms[fields][1]\" placeholder=\"Adresa de email\" spellcheck=\"false\" required><\/div><\/div><!-- .wpforms-field-container --><div class=\"wpforms-submit-container\" ><input type=\"hidden\" name=\"wpforms[id]\" value=\"89\"><input type=\"hidden\" name=\"wpforms[author]\" value=\"1\"><button type=\"submit\" name=\"wpforms[submit]\" id=\"wpforms-submit-89\" class=\"wpforms-submit\" data-alt-text=\"Se aboneaza la newsletter\" data-submit-text=\"Abonare la newsletter\" aria-live=\"assertive\" value=\"wpforms-submit\">Abonare la newsletter<\/button><\/div><\/form><\/div>  <!-- .wpforms-container -->\n<\/div>\n\n\n\n<div class=\"wp-block-column\"><\/div>\n<\/div>\n<\/div><\/div>\n\n\n\n<p><\/p>\n\r\n","protected":false},"excerpt":{"rendered":"<p>Cumparam cea mai mare selectie de telefoane uzate Acceptam la Buyback telefoane folosite de la 9 branduri, diverse modele din ultimii 3-5 ani. Ne axam pe numele de varf, care isi mentin mai bine valoarea in timp. Incet-incet, planuim sa ne extindem si cu alte telefoane populare. Primesti banii rapid Cat se poate de repede, [&hellip;]<\/p>\n","protected":false},"author":1,"featured_media":0,"parent":0,"menu_order":0,"comment_status":"closed","ping_status":"closed","template":"","meta":{"_monsterinsights_skip_tracking":false,"_monsterinsights_sitenote_active":false,"_monsterinsights_sitenote_note":"","_monsterinsights_sitenote_category":0},"aioseo_notices":[],"_links":{"self":[{"href":"https:\/\/www.buyback.ro\/index.php\/wp-json\/wp\/v2\/pages\/5"}],"collection":[{"href":"https:\/\/www.buyback.ro\/index.php\/wp-json\/wp\/v2\/pages"}],"about":[{"href":"https:\/\/www.buyback.ro\/index.php\/wp-json\/wp\/v2\/types\/page"}],"author":[{"embeddable":true,"href":"https:\/\/www.buyback.ro\/index.php\/wp-json\/wp\/v2\/users\/1"}],"replies":[{"embeddable":true,"href":"https:\/\/www.buyback.ro\/index.php\/wp-json\/wp\/v2\/comments?post=5"}],"version-history":[{"count":53,"href":"https:\/\/www.buyback.ro\/index.php\/wp-json\/wp\/v2\/pages\/5\/revisions"}],"predecessor-version":[{"id":132,"href":"https:\/\/www.buyback.ro\/index.php\/wp-json\/wp\/v2\/pages\/5\/revisions\/132"}],"wp:attachment":[{"href":"https:\/\/www.buyback.ro\/index.php\/wp-json\/wp\/v2\/media?parent=5"}],"curies":[{"name":"wp","href":"https:\/\/api.w.org\/{rel}","templated":true}]}}